{"id":14,"date":"2017-07-01T22:27:58","date_gmt":"2017-07-01T22:27:58","guid":{"rendered":"http:\/\/horstkasulke.de\/?page_id=14"},"modified":"2017-09-17T19:58:02","modified_gmt":"2017-09-17T19:58:02","slug":"ueber-mich","status":"publish","type":"page","link":"https:\/\/horstkasulke.de\/?page_id=14","title":{"rendered":"\u00dcber mich"},"content":{"rendered":"<h6>auf dieser Website stelle ich Bilder meiner Reisen ein. Mit 14 Jahren ging meine erste Reise nach \u00c4gypten. In den folgenden Jahren folgten Reisen nach Nordamerika, Asien und Ozeanien. Ich hoffe die Bilder k\u00f6nnen euch Eindr\u00fccke derReisen vermitteln. Gruss Sparky<\/h6>\n","protected":false},"excerpt":{"rendered":"<p>auf dieser Website stelle ich Bilder meiner Reisen ein. Mit 14 Jahren ging meine erste Reise nach \u00c4gypten. In den folgenden Jahren folgten Reisen nach Nordamerika, Asien und Ozeanien. Ich <span class=\"readmore\"><a href=\"https:\/\/horstkasulke.de\/?page_id=14\">Weiterlesen &#8230;<\/a><\/span><\/p>\n","protected":false},"author":1,"featured_media":0,"parent":0,"menu_order":0,"comment_status":"closed","ping_status":"closed","template":"","meta":{"footnotes":""},"class_list":["post-14","page","type-page","status-publish","hentry"],"_links":{"self":[{"href":"https:\/\/horstkasulke.de\/index.php?rest_route=\/wp\/v2\/pages\/14"}],"collection":[{"href":"https:\/\/horstkasulke.de\/index.php?rest_route=\/wp\/v2\/pages"}],"about":[{"href":"https:\/\/horstkasulke.de\/index.php?rest_route=\/wp\/v2\/types\/page"}],"author":[{"embeddable":true,"href":"https:\/\/horstkasulke.de\/index.php?rest_route=\/wp\/v2\/users\/1"}],"replies":[{"embeddable":true,"href":"https:\/\/horstkasulke.de\/index.php?rest_route=%2Fwp%2Fv2%2Fcomments&post=14"}],"version-history":[{"count":5,"href":"https:\/\/horstkasulke.de\/index.php?rest_route=\/wp\/v2\/pages\/14\/revisions"}],"predecessor-version":[{"id":3122,"href":"https:\/\/horstkasulke.de\/index.php?rest_route=\/wp\/v2\/pages\/14\/revisions\/3122"}],"wp:attachment":[{"href":"https:\/\/horstkasulke.de\/index.php?rest_route=%2Fwp%2Fv2%2Fmedia&parent=14"}],"curies":[{"name":"wp","href":"https:\/\/api.w.org\/{rel}","templated":true}]}}