{"id":20,"date":"2017-07-01T22:58:35","date_gmt":"2017-07-01T22:58:35","guid":{"rendered":"http:\/\/horstkasulke.de\/?page_id=20"},"modified":"2017-07-02T13:16:05","modified_gmt":"2017-07-02T13:16:05","slug":"australien-2017","status":"publish","type":"page","link":"https:\/\/horstkasulke.de\/?page_id=20","title":{"rendered":"Australien 2017"},"content":{"rendered":"<h6>Im Mai 2017 ging es nach Australien. Der Flug ging \u00fcber Dubai nach Adelaide. Nach ein paar Tagen in Adelaide , flog ich nach Kanagroo Island. Eine sehr verschlafene Insel, die genau der richtige Einstieg f\u00fcr Australien war. Nachdem ich zur\u00fcck in Adelaide war, ging es per Mietwagen in die Grampians und entlang der Great Ocean Road nach Melbourne. Von Melbourne ging es weiter nach Hobart\/Tasmanien zum Highlight der Reise. 10 Tage Motorrad fahren auf Tasmanien. Ich war zwar etwas sp\u00e4t, in den Bergen ging die Temperatur auf 6 Grad runter, daf\u00fcr war ich aber Stunden lang allein unterwegs. Die Landschaft ist der Wahnsinn und man kann sogar Pinguine in den St\u00e4dten treffen.<\/h6>\n","protected":false},"excerpt":{"rendered":"<p>Im Mai 2017 ging es nach Australien. Der Flug ging \u00fcber Dubai nach Adelaide. Nach ein paar Tagen in Adelaide , flog ich nach Kanagroo Island. Eine sehr verschlafene Insel, <span class=\"readmore\"><a href=\"https:\/\/horstkasulke.de\/?page_id=20\">Weiterlesen &#8230;<\/a><\/span><\/p>\n","protected":false},"author":1,"featured_media":0,"parent":0,"menu_order":0,"comment_status":"closed","ping_status":"closed","template":"","meta":{"footnotes":""},"class_list":["post-20","page","type-page","status-publish","hentry"],"_links":{"self":[{"href":"https:\/\/horstkasulke.de\/index.php?rest_route=\/wp\/v2\/pages\/20"}],"collection":[{"href":"https:\/\/horstkasulke.de\/index.php?rest_route=\/wp\/v2\/pages"}],"about":[{"href":"https:\/\/horstkasulke.de\/index.php?rest_route=\/wp\/v2\/types\/page"}],"author":[{"embeddable":true,"href":"https:\/\/horstkasulke.de\/index.php?rest_route=\/wp\/v2\/users\/1"}],"replies":[{"embeddable":true,"href":"https:\/\/horstkasulke.de\/index.php?rest_route=%2Fwp%2Fv2%2Fcomments&post=20"}],"version-history":[{"count":11,"href":"https:\/\/horstkasulke.de\/index.php?rest_route=\/wp\/v2\/pages\/20\/revisions"}],"predecessor-version":[{"id":1807,"href":"https:\/\/horstkasulke.de\/index.php?rest_route=\/wp\/v2\/pages\/20\/revisions\/1807"}],"wp:attachment":[{"href":"https:\/\/horstkasulke.de\/index.php?rest_route=%2Fwp%2Fv2%2Fmedia&parent=20"}],"curies":[{"name":"wp","href":"https:\/\/api.w.org\/{rel}","templated":true}]}}