{"id":2464,"date":"2018-05-26T18:30:07","date_gmt":"2018-05-26T18:30:07","guid":{"rendered":"https:\/\/horstkasulke.de\/?page_id=2464"},"modified":"2018-05-28T20:55:39","modified_gmt":"2018-05-28T20:55:39","slug":"datenschutzerklaerung","status":"publish","type":"page","link":"https:\/\/horstkasulke.de\/?page_id=2464","title":{"rendered":"Datenschutzerkl\u00e4rung"},"content":{"rendered":"<h2>Wer wir sind<\/h2>\n<p>Die Adresse unserer Website ist: https:\/\/horstkasulke.de.<\/p>\n<h2>Welche personenbezogenen Daten wir sammeln und warum wir sie sammeln<\/h2>\n<h3>Kommentare<\/h3>\n<p>&nbsp;Besucher k\u00f6nnen auf dieser Website keine Kommentare hinterlegen.<\/p>\n<h3>Medien<\/h3>\n<p>Wenn du ein registrierter Benutzer bist und Fotos auf diese Website l\u00e4dst, solltest du vermeiden, Fotos mit einem EXIF-GPS-Standort hochzuladen. Besucher dieser Website k\u00f6nnten Fotos, die auf dieser Website gespeichert sind, herunterladen und deren Standort-Informationen extrahieren.<\/p>\n<h3>Cookies<\/h3>\n<p>Falls du ein Konto hast und dich auf dieser Website anmeldest, werden wir ein tempor\u00e4res Cookie setzen, um festzustellen, ob dein Browser Cookies akzeptiert. Dieses Cookie enth\u00e4lt keine personenbezogenen Daten und wird verworfen, wenn du deinen Browser schlie\u00dft.<\/p>\n<p>Wenn du dich anmeldest, werden wir einige Cookies einrichten, um deine Anmeldeinformationen und Anzeigeoptionen zu speichern. Anmelde-Cookies verfallen nach zwei Tagen und Cookies f\u00fcr die Anzeigeoptionen nach einem Jahr. Falls du bei der Anmeldung \u201eAngemeldet bleiben\u201c ausw\u00e4hlst, wird deine Anmeldung zwei Wochen lang aufrechterhalten. Mit der Abmeldung aus deinem Konto werden die Anmelde-Cookies gel\u00f6scht.<\/p>\n<p>Wenn du einen Artikel bearbeitest oder ver\u00f6ffentlichst, wird ein zus\u00e4tzlicher Cookie in deinem Browser gespeichert. Dieser Cookie enth\u00e4lt keine personenbezogenen Daten und verweist nur auf die Beitrags-ID des Artikels, den du gerade bearbeitet hast. Der Cookie verf\u00e4llt nach einem Tag.<\/p>\n<h3>Eingebettete Inhalte von anderen Websites<\/h3>\n<p>Beitr\u00e4ge auf dieser Website k\u00f6nnen eingebettete Inhalte beinhalten (z.&nbsp;B. Videos, Bilder, Beitr\u00e4ge etc.). Eingebettete Inhalte von anderen Websites verhalten sich exakt so, als ob der Besucher die andere Website besucht h\u00e4tte.<\/p>\n<p>Diese Websites k\u00f6nnen Daten \u00fcber dich sammeln, Cookies benutzen, zus\u00e4tzliche Tracking-Dienste von Dritten einbetten und deine Interaktion mit diesem eingebetteten Inhalt aufzeichnen, inklusive deiner Interaktion mit dem eingebetteten Inhalt, falls du ein Konto hast und auf dieser Website angemeldet bist.<\/p>\n<h3>Analysedienste<\/h3>\n<h2>Mit wem wir deine Daten teilen<\/h2>\n<p>Die Website wird bei Strato AG gehostet. Hier ist der Link f\u00fcr die Datenschutzseite der Strato AG.<\/p>\n<p>https:\/\/www.strato.de\/datenschutz<\/p>\n<h2>Kontakt-Informationen<\/h2>\n<p>Horst Kasulke<br \/>\nGr\u00fcner Weg 54<br \/>\n84478 Waldkraiburg<\/p>\n<p>E-Mail: info@horstkasulke.de<\/p>\n","protected":false},"excerpt":{"rendered":"<p>Wer wir sind Die Adresse unserer Website ist: https:\/\/horstkasulke.de. Welche personenbezogenen Daten wir sammeln und warum wir sie sammeln Kommentare &nbsp;Besucher k\u00f6nnen auf dieser Website keine Kommentare hinterlegen. Medien Wenn <span class=\"readmore\"><a href=\"https:\/\/horstkasulke.de\/?page_id=2464\">Weiterlesen &#8230;<\/a><\/span><\/p>\n","protected":false},"author":1,"featured_media":0,"parent":0,"menu_order":0,"comment_status":"closed","ping_status":"closed","template":"","meta":{"footnotes":""},"class_list":["post-2464","page","type-page","status-publish","hentry"],"_links":{"self":[{"href":"https:\/\/horstkasulke.de\/index.php?rest_route=\/wp\/v2\/pages\/2464"}],"collection":[{"href":"https:\/\/horstkasulke.de\/index.php?rest_route=\/wp\/v2\/pages"}],"about":[{"href":"https:\/\/horstkasulke.de\/index.php?rest_route=\/wp\/v2\/types\/page"}],"author":[{"embeddable":true,"href":"https:\/\/horstkasulke.de\/index.php?rest_route=\/wp\/v2\/users\/1"}],"replies":[{"embeddable":true,"href":"https:\/\/horstkasulke.de\/index.php?rest_route=%2Fwp%2Fv2%2Fcomments&post=2464"}],"version-history":[{"count":6,"href":"https:\/\/horstkasulke.de\/index.php?rest_route=\/wp\/v2\/pages\/2464\/revisions"}],"predecessor-version":[{"id":2721,"href":"https:\/\/horstkasulke.de\/index.php?rest_route=\/wp\/v2\/pages\/2464\/revisions\/2721"}],"wp:attachment":[{"href":"https:\/\/horstkasulke.de\/index.php?rest_route=%2Fwp%2Fv2%2Fmedia&parent=2464"}],"curies":[{"name":"wp","href":"https:\/\/api.w.org\/{rel}","templated":true}]}}