{"id":2724,"date":"2018-09-19T18:24:04","date_gmt":"2018-09-19T18:24:04","guid":{"rendered":"https:\/\/horstkasulke.de\/?page_id=2724"},"modified":"2018-09-19T18:31:48","modified_gmt":"2018-09-19T18:31:48","slug":"chile-argentinien-reise-2018","status":"publish","type":"page","link":"https:\/\/horstkasulke.de\/?page_id=2724","title":{"rendered":"S\u00fcdamerika"},"content":{"rendered":"<p>Im November geht es f\u00fcr mich erstmals nach S\u00fcdamerika. In 4 Wochen will ich den S\u00fcden Chiles und Argentiniens bereisen.Von Puerto Montt geht auf die Insel Chiloe, mit den H\u00e4usern auf Pf\u00e4hlen in Castro. Dann nach Puerto Varas zum entspannen und geniessen der Landschaft. Die Rjoutej f\u00fchrt mich&nbsp; dann nach Pucon, San Miguel de Andes und Barilocho. Zur\u00fcck nach Puerto Montt und dann nach Buenos Aires.<\/p>\n<p>&nbsp;<\/p>\n","protected":false},"excerpt":{"rendered":"<p>Im November geht es f\u00fcr mich erstmals nach S\u00fcdamerika. In 4 Wochen will ich den S\u00fcden Chiles und Argentiniens bereisen.Von Puerto Montt geht auf die Insel Chiloe, mit den H\u00e4usern <span class=\"readmore\"><a href=\"https:\/\/horstkasulke.de\/?page_id=2724\">Weiterlesen &#8230;<\/a><\/span><\/p>\n","protected":false},"author":1,"featured_media":0,"parent":0,"menu_order":0,"comment_status":"closed","ping_status":"closed","template":"","meta":{"footnotes":""},"class_list":["post-2724","page","type-page","status-publish","hentry"],"_links":{"self":[{"href":"https:\/\/horstkasulke.de\/index.php?rest_route=\/wp\/v2\/pages\/2724"}],"collection":[{"href":"https:\/\/horstkasulke.de\/index.php?rest_route=\/wp\/v2\/pages"}],"about":[{"href":"https:\/\/horstkasulke.de\/index.php?rest_route=\/wp\/v2\/types\/page"}],"author":[{"embeddable":true,"href":"https:\/\/horstkasulke.de\/index.php?rest_route=\/wp\/v2\/users\/1"}],"replies":[{"embeddable":true,"href":"https:\/\/horstkasulke.de\/index.php?rest_route=%2Fwp%2Fv2%2Fcomments&post=2724"}],"version-history":[{"count":2,"href":"https:\/\/horstkasulke.de\/index.php?rest_route=\/wp\/v2\/pages\/2724\/revisions"}],"predecessor-version":[{"id":2734,"href":"https:\/\/horstkasulke.de\/index.php?rest_route=\/wp\/v2\/pages\/2724\/revisions\/2734"}],"wp:attachment":[{"href":"https:\/\/horstkasulke.de\/index.php?rest_route=%2Fwp%2Fv2%2Fmedia&parent=2724"}],"curies":[{"name":"wp","href":"https:\/\/api.w.org\/{rel}","templated":true}]}}