{"id":84,"date":"2017-07-02T00:31:50","date_gmt":"2017-07-02T00:31:50","guid":{"rendered":"http:\/\/horstkasulke.de\/?page_id=84"},"modified":"2017-07-02T13:17:42","modified_gmt":"2017-07-02T13:17:42","slug":"usa-und-kanada","status":"publish","type":"page","link":"https:\/\/horstkasulke.de\/?page_id=84","title":{"rendered":"USA und Kanada"},"content":{"rendered":"<h6>In den USA war ich bis jetzt 16 mal. Von Bangor\/Maine bis Key West. Ich besuchte das Country Festival in Nashville und die Distillerie von Jack Daniels. Mit der Harley ging es von Orlando nach New Orleans. Den NP von&nbsp; Oregon und Yosemite besuchte ich mit grossen Augen. Portland war die sozialste Stadt, aber Salt Lake City die sauberste mit den eigenartigsten Einwohnern. In Las Vegas habe ich ein paar Dollar verloren, daf\u00fcr im Hotel in dem Steven King die Idee f\u00fcr Shining hatte \u00fcbernachtet. In der N\u00e4he von Vancouver gelangen mir gute Bilder von B\u00e4ren und auf Nova Scotia konnte man sehr gut ausspannen und durch die W\u00e4lder streifen.<\/h6>\n","protected":false},"excerpt":{"rendered":"<p>In den USA war ich bis jetzt 16 mal. Von Bangor\/Maine bis Key West. Ich besuchte das Country Festival in Nashville und die Distillerie von Jack Daniels. Mit der Harley <span class=\"readmore\"><a href=\"https:\/\/horstkasulke.de\/?page_id=84\">Weiterlesen &#8230;<\/a><\/span><\/p>\n","protected":false},"author":1,"featured_media":0,"parent":0,"menu_order":0,"comment_status":"closed","ping_status":"closed","template":"","meta":{"footnotes":""},"class_list":["post-84","page","type-page","status-publish","hentry"],"_links":{"self":[{"href":"https:\/\/horstkasulke.de\/index.php?rest_route=\/wp\/v2\/pages\/84"}],"collection":[{"href":"https:\/\/horstkasulke.de\/index.php?rest_route=\/wp\/v2\/pages"}],"about":[{"href":"https:\/\/horstkasulke.de\/index.php?rest_route=\/wp\/v2\/types\/page"}],"author":[{"embeddable":true,"href":"https:\/\/horstkasulke.de\/index.php?rest_route=\/wp\/v2\/users\/1"}],"replies":[{"embeddable":true,"href":"https:\/\/horstkasulke.de\/index.php?rest_route=%2Fwp%2Fv2%2Fcomments&post=84"}],"version-history":[{"count":2,"href":"https:\/\/horstkasulke.de\/index.php?rest_route=\/wp\/v2\/pages\/84\/revisions"}],"predecessor-version":[{"id":1809,"href":"https:\/\/horstkasulke.de\/index.php?rest_route=\/wp\/v2\/pages\/84\/revisions\/1809"}],"wp:attachment":[{"href":"https:\/\/horstkasulke.de\/index.php?rest_route=%2Fwp%2Fv2%2Fmedia&parent=84"}],"curies":[{"name":"wp","href":"https:\/\/api.w.org\/{rel}","templated":true}]}}